{"id":422,"date":"2021-01-21T17:17:52","date_gmt":"2021-01-21T17:17:52","guid":{"rendered":"http:\/\/avatekimmobili.wpenginepowered.com\/soil-management\/"},"modified":"2025-10-20T16:12:46","modified_gmt":"2025-10-20T16:12:46","slug":"soil-management","status":"publish","type":"page","link":"https:\/\/avatekimmobilier.com\/en\/soil-management\/","title":{"rendered":"Soil Management"},"content":{"rendered":"<div id=\"cs-content\" class=\"cs-content\"><div class=\"x-section e367-e1 ma7-0\" id=\"Sols\"><div class=\"x-row x-container max width e367-e2 ma7-1 ma7-2\"><div class=\"x-row-inner\"><div class=\"x-col e367-e3 ma7-3\"><div class=\"x-text x-content e367-e4 ma7-4\"><p>Depuis sa cr\u00e9ation, Avatek Immobilier compte comme partenaire exclusif Signaterre Environnement qui \u0153uvre dans le domaine de la gestion des sols contamin\u00e9s depuis plus de 25 ans. Sa cr\u00e9dibilit\u00e9 et son savoir-faire unique lui ont permis d\u2019\u00eatre reconnu par le milieu, les entreprises et les institutions gouvernementales. Ce site de traitement et d\u2019enfouissement du Qu\u00e9bec est d\u00fbment autoris\u00e9 par le Minist\u00e8re du d\u00e9veloppement durable et de la lutte contre les changements climatiques (MDDELCC).<\/p><\/div><\/div><\/div><\/div><\/div><\/div>\n","protected":false},"excerpt":{"rendered":"<p>Depuis sa cr\u00e9ation, Avatek Immobilier compte comme partenaire exclusif Signaterre Environnement qui \u0153uvre dans le domaine de la gestion des sols contamin\u00e9s depuis plus de 25 ans. Sa cr\u00e9dibilit\u00e9 et son savoir-faire unique lui ont permis d\u2019\u00eatre reconnu par le milieu, les entreprises et les institutions gouvernementales. Ce site de traitement et d\u2019enfouissement du Qu\u00e9bec est d\u00fbment autoris\u00e9 par le &#8230;<\/p>\n","protected":false},"author":1,"featured_media":0,"parent":0,"menu_order":0,"comment_status":"closed","ping_status":"open","template":"template-blank-4.php","meta":{"footnotes":""},"class_list":["post-422","page","type-page","status-publish","hentry","no-post-thumbnail"],"_links":{"self":[{"href":"https:\/\/avatekimmobilier.com\/en\/wp-json\/wp\/v2\/pages\/422","targetHints":{"allow":["GET"]}}],"collection":[{"href":"https:\/\/avatekimmobilier.com\/en\/wp-json\/wp\/v2\/pages"}],"about":[{"href":"https:\/\/avatekimmobilier.com\/en\/wp-json\/wp\/v2\/types\/page"}],"author":[{"embeddable":true,"href":"https:\/\/avatekimmobilier.com\/en\/wp-json\/wp\/v2\/users\/1"}],"replies":[{"embeddable":true,"href":"https:\/\/avatekimmobilier.com\/en\/wp-json\/wp\/v2\/comments?post=422"}],"version-history":[{"count":0,"href":"https:\/\/avatekimmobilier.com\/en\/wp-json\/wp\/v2\/pages\/422\/revisions"}],"wp:attachment":[{"href":"https:\/\/avatekimmobilier.com\/en\/wp-json\/wp\/v2\/media?parent=422"}],"curies":[{"name":"wp","href":"https:\/\/api.w.org\/{rel}","templated":true}]}}